{"id":98,"date":"2023-10-15T06:22:58","date_gmt":"2023-10-15T04:22:58","guid":{"rendered":"https:\/\/drgiovannilara.com\/?page_id=98"},"modified":"2024-06-19T20:42:53","modified_gmt":"2024-06-20T02:42:53","slug":"inicio-2","status":"publish","type":"page","link":"https:\/\/drgiovannilara.com\/","title":{"rendered":"Inicio"},"content":{"rendered":"<p>[et_pb_section fb_built=\u00bb1&#8243; fullwidth=\u00bbon\u00bb _builder_version=\u00bb4.22.2&#8243; _module_preset=\u00bbdefault\u00bb background_enable_image=\u00bboff\u00bb global_colors_info=\u00bb{}\u00bb][et_pb_fullwidth_slider _builder_version=\u00bb4.22.2&#8243; _module_preset=\u00bbdefault\u00bb header_font=\u00bbMontserrat|700|||||||\u00bb header_text_align=\u00bbcenter\u00bb header_letter_spacing=\u00bb2px\u00bb header_line_height=\u00bb1.5em\u00bb body_font=\u00bbMontserrat|500|||||||\u00bb body_text_align=\u00bbcenter\u00bb body_font_size=\u00bb16px\u00bb body_letter_spacing=\u00bb1px\u00bb body_line_height=\u00bb0.5em\u00bb background_enable_image=\u00bboff\u00bb parallax=\u00bbon\u00bb custom_button=\u00bbon\u00bb button_text_size=\u00bb18px\u00bb button_bg_color=\u00bbrgba(255,255,255,0.18)\u00bb button_border_width=\u00bb0px\u00bb button_letter_spacing=\u00bb1px\u00bb button_font=\u00bbMontserrat|500|||||||\u00bb button_icon=\u00bb&#x3d;||divi||400&#8243; button_alignment=\u00bbcenter\u00bb button_custom_margin=\u00bb||||false|false\u00bb button_custom_padding=\u00bb||||false|false\u00bb content_width=\u00bb55%\u00bb content_width_tablet=\u00bb55%\u00bb content_width_phone=\u00bb100%\u00bb content_width_last_edited=\u00bbon|phone\u00bb height=\u00bb38rem\u00bb custom_padding=\u00bb||||false|false\u00bb custom_padding_tablet=\u00bb||||false|false\u00bb custom_padding_phone=\u00bb9rem||||false|false\u00bb custom_padding_last_edited=\u00bbon|phone\u00bb header_font_size_tablet=\u00bb\u00bb header_font_size_phone=\u00bb\u00bb header_font_size_last_edited=\u00bbon|desktop\u00bb box_shadow_style_button=\u00bbpreset2&#8243; box_shadow_vertical_button=\u00bb1px\u00bb box_shadow_blur_button=\u00bb11px\u00bb box_shadow_spread_button=\u00bb-4px\u00bb global_colors_info=\u00bb{}\u00bb button_text_size__hover_enabled=\u00bboff|desktop\u00bb custom_css_main_element_last_edited=\u00bbon|desktop\u00bb][et_pb_slide heading=\u00bbGiovanni Lara\u00bb button_text=\u00bbMas Informaci\u00f3n \u00bb button_link=\u00bb@ET-DC@eyJkeW5hbWljIjp0cnVlLCJjb250ZW50IjoicG9zdF9saW5rX3VybF9wYWdlIiwic2V0dGluZ3MiOnsicG9zdF9pZCI6IjE4In19@\u00bb _builder_version=\u00bb4.22.2&#8243; _dynamic_attributes=\u00bbbutton_link\u00bb _module_preset=\u00bbdefault\u00bb header_font=\u00bbMontserrat|600|||||||\u00bb header_text_align=\u00bbcenter\u00bb header_font_size=\u00bb3rem\u00bb header_letter_spacing=\u00bb3px\u00bb body_line_height=\u00bb1.5em\u00bb background_image=\u00bbhttps:\/\/drgiovannilara.com\/wp-content\/uploads\/2023\/12\/Slide-2-copy.png\u00bb background_enable_image=\u00bbon\u00bb custom_button=\u00bbon\u00bb button_text_size=\u00bb18px\u00bb button_border_width=\u00bb0px\u00bb button_border_radius=\u00bb8px\u00bb button_letter_spacing=\u00bb2px\u00bb button_font=\u00bbMontserrat|500|||||||\u00bb button_use_icon=\u00bbon\u00bb button_icon=\u00bb&#x3d;||divi||400&#8243; button_on_hover=\u00bbon\u00bb button_alignment=\u00bbcenter\u00bb button_custom_margin=\u00bb35px||||false|false\u00bb header_font_size_tablet=\u00bb2.5rem\u00bb header_font_size_phone=\u00bb2.5rem\u00bb header_font_size_last_edited=\u00bbon|desktop\u00bb custom_css_slide_description=\u00bbwidth:500px;\u00bb global_colors_info=\u00bb{}\u00bb button_text__hover_enabled=\u00bboff|hover\u00bb custom_css_slide_description_last_edited=\u00bbon|phone\u00bb custom_css_slide_description_tablet=\u00bbwidth:400px\u00bb custom_css_slide_description_phone=\u00bbwidth:350px\u00bb sticky_transition=\u00bbon\u00bb]<\/p>\n<p>Neurocirug\u00eda General, Cirug\u00eda de Columna, Neurocirug\u00eda Funcional y Esterotaxia.<\/p>\n<p>[\/et_pb_slide][et_pb_slide heading=\u00bbGiovanni Lara\u00bb button_text=\u00bbMas Informaci\u00f3n \u00bb button_link=\u00bb@ET-DC@eyJkeW5hbWljIjp0cnVlLCJjb250ZW50IjoicG9zdF9saW5rX3VybF9wYWdlIiwic2V0dGluZ3MiOnsicG9zdF9pZCI6IjE4In19@\u00bb _builder_version=\u00bb4.22.2&#8243; _dynamic_attributes=\u00bbbutton_link\u00bb _module_preset=\u00bbdefault\u00bb header_font=\u00bbMontserrat|600|||||||\u00bb header_text_align=\u00bbcenter\u00bb header_font_size=\u00bb3rem\u00bb header_letter_spacing=\u00bb3px\u00bb body_line_height=\u00bb1.5em\u00bb background_image=\u00bbhttps:\/\/drgiovannilara.com\/wp-content\/uploads\/2023\/12\/Slide-3.png\u00bb background_enable_image=\u00bbon\u00bb custom_button=\u00bbon\u00bb button_text_size=\u00bb18px\u00bb button_border_width=\u00bb0px\u00bb button_border_radius=\u00bb8px\u00bb button_letter_spacing=\u00bb2px\u00bb button_font=\u00bbMontserrat|500|||||||\u00bb button_use_icon=\u00bbon\u00bb button_icon=\u00bb&#x3d;||divi||400&#8243; button_on_hover=\u00bbon\u00bb button_alignment=\u00bbcenter\u00bb button_custom_margin=\u00bb35px||||false|false\u00bb header_font_size_tablet=\u00bb2.5rem\u00bb header_font_size_phone=\u00bb2.5rem\u00bb header_font_size_last_edited=\u00bbon|desktop\u00bb custom_css_slide_description=\u00bbwidth:500px;\u00bb global_colors_info=\u00bb{}\u00bb button_text__hover_enabled=\u00bboff|hover\u00bb custom_css_slide_description_last_edited=\u00bbon|phone\u00bb custom_css_slide_description_tablet=\u00bbwidth:400px\u00bb custom_css_slide_description_phone=\u00bbwidth:350px\u00bb sticky_transition=\u00bbon\u00bb]<\/p>\n<p>Neurocirug\u00eda General, Cirug\u00eda de Columna, Neurocirug\u00eda Funcional y Esterotaxia.<\/p>\n<p>[\/et_pb_slide][et_pb_slide heading=\u00bbGiovanni Lara\u00bb button_text=\u00bbMas Informaci\u00f3n \u00bb button_link=\u00bb@ET-DC@eyJkeW5hbWljIjp0cnVlLCJjb250ZW50IjoicG9zdF9saW5rX3VybF9wYWdlIiwic2V0dGluZ3MiOnsicG9zdF9pZCI6IjE4In19@\u00bb _builder_version=\u00bb4.22.2&#8243; _dynamic_attributes=\u00bbbutton_link\u00bb _module_preset=\u00bbdefault\u00bb header_font=\u00bbMontserrat|600|||||||\u00bb header_text_align=\u00bbcenter\u00bb header_font_size=\u00bb3rem\u00bb header_letter_spacing=\u00bb3px\u00bb body_line_height=\u00bb1.5em\u00bb background_image=\u00bbhttps:\/\/drgiovannilara.com\/wp-content\/uploads\/2023\/12\/Slide-4.png\u00bb background_enable_image=\u00bbon\u00bb custom_button=\u00bbon\u00bb button_text_size=\u00bb18px\u00bb button_border_width=\u00bb0px\u00bb button_border_radius=\u00bb8px\u00bb button_letter_spacing=\u00bb2px\u00bb button_font=\u00bbMontserrat|500|||||||\u00bb button_use_icon=\u00bbon\u00bb button_icon=\u00bb&#x3d;||divi||400&#8243; button_on_hover=\u00bbon\u00bb button_alignment=\u00bbcenter\u00bb button_custom_margin=\u00bb35px||||false|false\u00bb header_font_size_tablet=\u00bb2.5rem\u00bb header_font_size_phone=\u00bb2.5rem\u00bb header_font_size_last_edited=\u00bbon|desktop\u00bb custom_css_slide_description=\u00bbwidth:500px;\u00bb global_colors_info=\u00bb{}\u00bb button_text__hover_enabled=\u00bboff|hover\u00bb custom_css_slide_description_last_edited=\u00bbon|phone\u00bb custom_css_slide_description_tablet=\u00bbwidth:400px\u00bb custom_css_slide_description_phone=\u00bbwidth:350px\u00bb sticky_transition=\u00bbon\u00bb]<\/p>\n<p>Neurocirug\u00eda General, Cirug\u00eda de Columna, Neurocirug\u00eda Funcional y Esterotaxia.<\/p>\n<p>[\/et_pb_slide][\/et_pb_fullwidth_slider][\/et_pb_section][et_pb_section fb_built=\u00bb1&#8243; _builder_version=\u00bb4.22.2&#8243; _module_preset=\u00bbdefault\u00bb custom_padding=\u00bb22px|1px|75px|||\u00bb global_colors_info=\u00bb{}\u00bb][et_pb_row _builder_version=\u00bb4.22.2&#8243; _module_preset=\u00bbdefault\u00bb custom_margin=\u00bb|auto|-12px|auto||\u00bb global_colors_info=\u00bb{}\u00bb][et_pb_column type=\u00bb4_4&#8243; _builder_version=\u00bb4.22.2&#8243; _module_preset=\u00bbdefault\u00bb global_colors_info=\u00bb{}\u00bb][et_pb_heading title=\u00bbServicios\u00bb _builder_version=\u00bb4.22.2&#8243; _module_preset=\u00bbdefault\u00bb title_font=\u00bbMontserrat|700||on|||||\u00bb title_text_align=\u00bbcenter\u00bb title_text_color=\u00bb#3374AF\u00bb title_letter_spacing=\u00bb2px\u00bb custom_margin=\u00bb||-12px||false|false\u00bb custom_padding=\u00bb||3px||false|false\u00bb global_colors_info=\u00bb{}\u00bb][\/et_pb_heading][\/et_pb_column][\/et_pb_row][et_pb_row column_structure=\u00bb1_3,1_3,1_3&#8243; _builder_version=\u00bb4.22.2&#8243; _module_preset=\u00bbdefault\u00bb background_enable_color=\u00bboff\u00bb custom_margin=\u00bb1px|auto||auto||\u00bb global_colors_info=\u00bb{}\u00bb][et_pb_column type=\u00bb1_3&#8243; _builder_version=\u00bb4.22.2&#8243; _module_preset=\u00bbdefault\u00bb global_colors_info=\u00bb{}\u00bb][et_pb_blurb title=\u00bbNeurocirug\u00eda General \u00bb url=\u00bb@ET-DC@eyJkeW5hbWljIjp0cnVlLCJjb250ZW50IjoicG9zdF9saW5rX3VybF9wYWdlIiwic2V0dGluZ3MiOnsicG9zdF9pZCI6IjM4In19@\u00bb image=\u00bbhttps:\/\/drgiovannilara.com\/wp-content\/uploads\/2023\/10\/Webpage-Servicio-1-1.png\u00bb image_icon_width=\u00bb60%\u00bb content_max_width=\u00bb270px\u00bb _builder_version=\u00bb4.22.2&#8243; _dynamic_attributes=\u00bburl\u00bb _module_preset=\u00bbdefault\u00bb header_font=\u00bbMontserrat|700|||||||\u00bb header_text_align=\u00bbcenter\u00bb header_text_color=\u00bb#3374AF\u00bb header_letter_spacing=\u00bb1px\u00bb header_line_height=\u00bb1.3rem\u00bb body_font=\u00bbMontserrat|500|||||||\u00bb body_text_align=\u00bbcenter\u00bb body_text_color=\u00bb#3374AF\u00bb background_color=\u00bb#f3f9ff\u00bb text_orientation=\u00bbcenter\u00bb module_alignment=\u00bbcenter\u00bb height=\u00bb340px\u00bb custom_margin=\u00bb||||false|false\u00bb custom_padding=\u00bb1.5rem|1.5rem|1.5rem|1.5rem|false|false\u00bb border_radii=\u00bbon|25px|25px|25px|25px\u00bb global_colors_info=\u00bb{}\u00bb image__hover_enabled=\u00bbon|hover\u00bb image__hover=\u00bbhttps:\/\/drgiovannilara.com\/wp-content\/uploads\/2023\/10\/Webpage-Servicio-4.png\u00bb background__hover_enabled=\u00bbon|hover\u00bb background_color__hover=\u00bb#3374AF\u00bb background_enable_color__hover=\u00bbon\u00bb header_text_color__hover_enabled=\u00bbon|hover\u00bb header_text_color__hover=\u00bb#FFFFFF\u00bb body_text_color__hover_enabled=\u00bbon|hover\u00bb body_text_color__hover=\u00bb#FFFFFF\u00bb]<\/p>\n<p>Para tumores cerebrales, malformaciones arteriovenosas.<\/p>\n<p>[\/et_pb_blurb][\/et_pb_column][et_pb_column type=\u00bb1_3&#8243; _builder_version=\u00bb4.22.2&#8243; _module_preset=\u00bbdefault\u00bb global_colors_info=\u00bb{}\u00bb][et_pb_blurb title=\u00bbCirug\u00eda de Columna\u00bb url=\u00bb@ET-DC@eyJkeW5hbWljIjp0cnVlLCJjb250ZW50IjoicG9zdF9saW5rX3VybF9wYWdlIiwic2V0dGluZ3MiOnsicG9zdF9pZCI6IjM4In19@\u00bb image=\u00bbhttps:\/\/drgiovannilara.com\/wp-content\/uploads\/2023\/10\/Webpage-Servicio-2.png\u00bb image_icon_width=\u00bb60%\u00bb content_max_width=\u00bb270px\u00bb _builder_version=\u00bb4.22.2&#8243; _dynamic_attributes=\u00bburl\u00bb _module_preset=\u00bbdefault\u00bb header_font=\u00bbMontserrat|700|||||||\u00bb header_text_align=\u00bbcenter\u00bb header_text_color=\u00bb#3374AF\u00bb header_letter_spacing=\u00bb1px\u00bb header_line_height=\u00bb1.3rem\u00bb body_font=\u00bbMontserrat|500|||||||\u00bb body_text_align=\u00bbcenter\u00bb body_text_color=\u00bb#3374AF\u00bb background_color=\u00bb#f3f9ff\u00bb text_orientation=\u00bbcenter\u00bb module_alignment=\u00bbcenter\u00bb height=\u00bb340px\u00bb custom_padding=\u00bb1.5rem|1.5rem|1.5rem|1.5rem|false|false\u00bb border_radii=\u00bbon|25px|25px|25px|25px\u00bb global_colors_info=\u00bb{}\u00bb image__hover_enabled=\u00bbon|hover\u00bb image__hover=\u00bbhttps:\/\/drgiovannilara.com\/wp-content\/uploads\/2023\/10\/Webpage-Dr-Giovanni-Lara-5.png\u00bb background__hover_enabled=\u00bbon|hover\u00bb background_color__hover=\u00bb#3374AF\u00bb background_enable_color__hover=\u00bbon\u00bb header_text_color__hover_enabled=\u00bbon|hover\u00bb header_text_color__hover=\u00bb#FFFFFF\u00bb body_text_color__hover_enabled=\u00bbon|hover\u00bb body_text_color__hover=\u00bb#FFFFFF\u00bb]<\/p>\n<p>En adultos y ni\u00f1os.<\/p>\n<p>[\/et_pb_blurb][\/et_pb_column][et_pb_column type=\u00bb1_3&#8243; _builder_version=\u00bb4.22.2&#8243; _module_preset=\u00bbdefault\u00bb global_colors_info=\u00bb{}\u00bb][et_pb_blurb title=\u00bb Neurocirug\u00eda Funcional<br \/>\n\u00bb url=\u00bb@ET-DC@eyJkeW5hbWljIjp0cnVlLCJjb250ZW50IjoicG9zdF9saW5rX3VybF9wYWdlIiwic2V0dGluZ3MiOnsicG9zdF9pZCI6IjM4In19@\u00bb image=\u00bbhttps:\/\/drgiovannilara.com\/wp-content\/uploads\/2023\/10\/Webpage-Dr-Giovanni-Lara-3.png\u00bb image_icon_width=\u00bb60%\u00bb content_max_width=\u00bb270px\u00bb _builder_version=\u00bb4.22.2&#8243; _dynamic_attributes=\u00bburl\u00bb _module_preset=\u00bbdefault\u00bb header_font=\u00bbMontserrat|700|||||||\u00bb header_text_align=\u00bbcenter\u00bb header_text_color=\u00bb#3374AF\u00bb header_letter_spacing=\u00bb1px\u00bb header_line_height=\u00bb1.1em\u00bb body_font=\u00bbMontserrat|500|||||||\u00bb body_text_align=\u00bbcenter\u00bb body_text_color=\u00bb#3374AF\u00bb background_color=\u00bb#f3f9ff\u00bb text_orientation=\u00bbcenter\u00bb module_alignment=\u00bbcenter\u00bb height=\u00bb340px\u00bb custom_padding=\u00bb1.5rem|1.5rem|1.5rem|1.5rem|false|false\u00bb border_radii=\u00bbon|25px|25px|25px|25px\u00bb global_colors_info=\u00bb{}\u00bb image__hover_enabled=\u00bbon|hover\u00bb image__hover=\u00bbhttps:\/\/drgiovannilara.com\/wp-content\/uploads\/2023\/10\/Webpage-Dr-Giovanni-Lara-6.png\u00bb background__hover_enabled=\u00bbon|hover\u00bb background_color__hover=\u00bb#3374AF\u00bb background_enable_color__hover=\u00bbon\u00bb header_text_color__hover_enabled=\u00bbon|hover\u00bb header_text_color__hover=\u00bb#FFFFFF\u00bb body_text_color__hover_enabled=\u00bbon|desktop\u00bb body_text_color__hover=\u00bb#FFFFFF\u00bb]<\/p>\n<p>Epilepsia, Parkinson, Dolor Intratable, entre otros.<\/p>\n<p>[\/et_pb_blurb][\/et_pb_column][\/et_pb_row][\/et_pb_section][et_pb_section fb_built=\u00bb1&#8243; fullwidth=\u00bbon\u00bb _builder_version=\u00bb4.22.2&#8243; _module_preset=\u00bbdefault\u00bb background_image=\u00bbhttps:\/\/drgiovannilara.com\/wp-content\/uploads\/2023\/10\/Webpage-frase-1-1.png\u00bb parallax=\u00bbon\u00bb global_colors_info=\u00bb{}\u00bb][et_pb_fullwidth_header title=\u00bb-\u00c9xodo 15:26-\u00bb text_orientation=\u00bbcenter\u00bb background_overlay_color=\u00bbrgba(51,116,175,0.09)\u00bb content_max_width_tablet=\u00bb\u00bb content_max_width_phone=\u00bb100%\u00bb content_max_width_last_edited=\u00bbon|phone\u00bb _builder_version=\u00bb4.22.2&#8243; _module_preset=\u00bbdefault\u00bb title_font=\u00bbMontserrat|700|||||||\u00bb title_text_align=\u00bbcenter\u00bb title_font_size=\u00bb22px\u00bb title_letter_spacing=\u00bb2px\u00bb title_line_height=\u00bb1.3em\u00bb content_font=\u00bbMontserrat|500|||||||\u00bb content_text_align=\u00bbcenter\u00bb content_font_size=\u00bb16px\u00bb content_letter_spacing=\u00bb1px\u00bb background_color=\u00bbRGBA(255,255,255,0)\u00bb module_alignment=\u00bbcenter\u00bb height=\u00bb350px\u00bb height_tablet=\u00bb350px\u00bb height_phone=\u00bb389px\u00bb height_last_edited=\u00bbon|phone\u00bb custom_padding=\u00bb4.9rem||||false|false\u00bb custom_padding_tablet=\u00bb2.4rem||||false|false\u00bb custom_padding_phone=\u00bb0rem||||false|false\u00bb custom_padding_last_edited=\u00bbon|phone\u00bb global_colors_info=\u00bb{}\u00bb title_letter_spacing__hover_enabled=\u00bbon|desktop\u00bb title_letter_spacing__hover=\u00bb1px\u00bb]<\/p>\n<p><span>\u00ab<\/span><span id=\"es-LBLA-1947\" class=\"text Exod-15-26\" style=\"font-size: 16px;\">Y dijo: Si escuchas atentamente la voz del\u00a0<span class=\"small-caps\">Se\u00f1or<\/span>\u00a0tu Dios, y haces lo que es recto ante sus ojos, y escuchas sus mandamientos, y guardas todos sus estatutos, no te enviar\u00e9 ninguna de las enfermedades que envi\u00e9 sobre los egipcios; porque yo, el\u00a0<span class=\"small-caps\">Se\u00f1or<\/span>, soy tu sanador.\u00bb<\/span><span style=\"font-size: 16px;\"><a class=\"full-chap-link\" href=\"https:\/\/www.biblegateway.com\/passage\/?search=%C3%89xodo%2015&amp;version=LBLA\" title=\"View Full Chapter\"><\/a><\/span><\/p>\n<p>[\/et_pb_fullwidth_header][\/et_pb_section][et_pb_section fb_built=\u00bb1&#8243; _builder_version=\u00bb4.22.2&#8243; _module_preset=\u00bbdefault\u00bb background_color=\u00bb#efefef\u00bb custom_padding=\u00bb0px||0px|||\u00bb global_colors_info=\u00bb{}\u00bb][et_pb_row _builder_version=\u00bb4.22.2&#8243; _module_preset=\u00bbdefault\u00bb background_color=\u00bbRGBA(255,255,255,0)\u00bb global_colors_info=\u00bb{}\u00bb][et_pb_column type=\u00bb4_4&#8243; _builder_version=\u00bb4.22.2&#8243; _module_preset=\u00bbdefault\u00bb global_colors_info=\u00bb{}\u00bb][et_pb_slider arrows_custom_color=\u00bb#545454&#8243; dot_nav_custom_color=\u00bb#545454&#8243; _builder_version=\u00bb4.22.2&#8243; _dynamic_attributes=\u00bblink_option_url\u00bb _module_preset=\u00bbdefault\u00bb header_font=\u00bbMontserrat|700|||||||\u00bb header_text_color=\u00bb#3374AF\u00bb header_font_size=\u00bb35px\u00bb header_letter_spacing=\u00bb3px\u00bb header_line_height=\u00bb1.1em\u00bb body_font=\u00bbMontserrat||||||||\u00bb body_text_align=\u00bbleft\u00bb body_text_color=\u00bb#3374AF\u00bb body_letter_spacing=\u00bb1px\u00bb body_line_height=\u00bb1.8em\u00bb background_color=\u00bbRGBA(255,255,255,0)\u00bb width_tablet=\u00bb\u00bb width_phone=\u00bb80%\u00bb width_last_edited=\u00bbon|phone\u00bb custom_padding=\u00bb90px||90px||false|false\u00bb custom_padding_tablet=\u00bb|15px||15px|false|false\u00bb custom_padding_phone=\u00bb|15px||15px|false|false\u00bb custom_padding_last_edited=\u00bbon|phone\u00bb link_option_url=\u00bb@ET-DC@eyJkeW5hbWljIjp0cnVlLCJjb250ZW50IjoicG9zdF9saW5rX3VybF9wb3N0Iiwic2V0dGluZ3MiOnsicG9zdF9pZCI6Ijg1MCJ9fQ==@\u00bb hover_enabled=\u00bb0&#8243; header_font_size_tablet=\u00bb30px\u00bb header_font_size_phone=\u00bb30px\u00bb header_font_size_last_edited=\u00bbon|phone\u00bb body_text_align_tablet=\u00bbleft\u00bb body_text_align_phone=\u00bbcenter\u00bb body_text_align_last_edited=\u00bbon|tablet\u00bb text_orientation_tablet=\u00bb\u00bb text_orientation_phone=\u00bb\u00bb text_orientation_last_edited=\u00bbon|tablet\u00bb module_alignment_tablet=\u00bb\u00bb module_alignment_phone=\u00bbcenter\u00bb module_alignment_last_edited=\u00bbon|phone\u00bb border_color_all_image=\u00bb#FFFFFF\u00bb global_colors_info=\u00bb{}\u00bb sticky_enabled=\u00bb0&#8243; custom_margin=\u00bb||||false|false\u00bb][et_pb_slide heading=\u00bbTumor Cerebral\u00bb button_link=\u00bb@ET-DC@eyJkeW5hbWljIjp0cnVlLCJjb250ZW50IjoicG9zdF9saW5rX3VybF9wYWdlIiwic2V0dGluZ3MiOnsicG9zdF9pZCI6IjQzIn19@\u00bb image=\u00bbhttps:\/\/drgiovannilara.com\/wp-content\/uploads\/2024\/05\/Casos-Webpage-14.png\u00bb _builder_version=\u00bb4.22.2&#8243; _dynamic_attributes=\u00bbbutton_link\u00bb _module_preset=\u00bbdefault\u00bb custom_padding=\u00bb|20px||20px|false|true\u00bb border_width_all_image=\u00bb14px\u00bb global_colors_info=\u00bb{}\u00bb sticky_transition=\u00bbon\u00bb]<\/p>\n<p><span>Masculino de 43 a\u00f1os de edad, quien present\u00f3 convulsiones t\u00f3nica-cl\u00f3nicas generalizadas. RMC del 19-02-19 con hallazgos de tumor extra-axial, frontal derecho.<\/span><\/p>\n<p>[\/et_pb_slide][et_pb_slide heading=\u00bbCirugia Vascular Cerebral\u00bb button_link=\u00bb@ET-DC@eyJkeW5hbWljIjp0cnVlLCJjb250ZW50IjoicG9zdF9saW5rX3VybF9wb3N0Iiwic2V0dGluZ3MiOnsicG9zdF9pZCI6IjEwMTMifX0=@\u00bb image=\u00bbhttps:\/\/drgiovannilara.com\/wp-content\/uploads\/2024\/06\/Malformacion-alteriovenosa-10.png\u00bb _builder_version=\u00bb4.22.2&#8243; _dynamic_attributes=\u00bbbutton_link\u00bb _module_preset=\u00bbdefault\u00bb border_width_all_image=\u00bb14px\u00bb global_colors_info=\u00bb{}\u00bb sticky_transition=\u00bbon\u00bb]<\/p>\n<p><span>Paciente masculino de 72 a\u00f1os de edad, quien sufri\u00f3 traumatismo craneoencef\u00e1lico secundario a ca\u00edda de aproximadamente 1 metro de altura, provoc\u00e1ndose hematoma subdural fronto-temporo-parietal derecho.<\/span><\/p>\n<p>[\/et_pb_slide][et_pb_slide heading=\u00bbTrauma de Cr\u00e1neo\u00bb button_link=\u00bb@ET-DC@eyJkeW5hbWljIjp0cnVlLCJjb250ZW50IjoicG9zdF9saW5rX3VybF9wb3N0Iiwic2V0dGluZ3MiOnsicG9zdF9pZCI6IjEwNDAifX0=@\u00bb image=\u00bbhttps:\/\/drgiovannilara.com\/wp-content\/uploads\/2024\/06\/Craneo-Plastia-4.png\u00bb _builder_version=\u00bb4.22.2&#8243; _dynamic_attributes=\u00bbbutton_link\u00bb _module_preset=\u00bbdefault\u00bb border_width_all_image=\u00bb14px\u00bb global_colors_info=\u00bb{}\u00bb sticky_transition=\u00bbon\u00bb]<\/p>\n<p><span>La craneoplastia es un<\/span><span>\u00a0<\/span><b>procedimiento quir\u00fargico que se realiza para restaurar un defecto craneal, por una perdida de tejido oseo craneal secundario a un traumatismo craneo cef\u00e1lico.<\/b><\/p>\n<p>[\/et_pb_slide][et_pb_slide heading=\u00bbRizotom\u00eda P\u00e9rcutanea con Radiofrecuencia\u00bb button_link=\u00bb@ET-DC@eyJkeW5hbWljIjp0cnVlLCJjb250ZW50IjoicG9zdF9saW5rX3VybF9wb3N0Iiwic2V0dGluZ3MiOnsicG9zdF9pZCI6Ijg1MCJ9fQ==@\u00bb image=\u00bbhttps:\/\/drgiovannilara.com\/wp-content\/uploads\/2024\/06\/Rizotomia-8.png\u00bb _builder_version=\u00bb4.22.2&#8243; _dynamic_attributes=\u00bbbutton_link\u00bb _module_preset=\u00bbdefault\u00bb border_width_all_image=\u00bb14px\u00bb global_colors_info=\u00bb{}\u00bb sticky_transition=\u00bbon\u00bb]<\/p>\n<p><span>Femenina de 49 a\u00f1os de edad, con s\u00edntomas de dolor maxilar inferior derecho de 18 meses de evoluci\u00f3n. (neuragia del trig\u00e9mino derecho).<\/span><\/p>\n<p>[\/et_pb_slide][et_pb_slide heading=\u00bbOsteoporosis, Masculino de 66 a\u00f1os\u00bb button_link=\u00bb@ET-DC@eyJkeW5hbWljIjp0cnVlLCJjb250ZW50IjoicG9zdF9saW5rX3VybF9wb3N0Iiwic2V0dGluZ3MiOnsicG9zdF9pZCI6IjgxMiJ9fQ==@\u00bb image=\u00bbhttps:\/\/drgiovannilara.com\/wp-content\/uploads\/2024\/06\/Masculino-de-66-anos-15.png\u00bb _builder_version=\u00bb4.22.2&#8243; _dynamic_attributes=\u00bbbutton_link\u00bb _module_preset=\u00bbdefault\u00bb border_width_all_image=\u00bb14px\u00bb global_colors_info=\u00bb{}\u00bb sticky_transition=\u00bbon\u00bb]<\/p>\n<p><span>Masculino de 66 a\u00f1os de edad con s\u00edntomas y signos de dolor lumbar que se irradia a miembro inferior izquierdo y parestesias en rodilla izquierda, hiporreflexia rotuliana y aqu\u00edlea desde hace 2 a\u00f1os previos a su cirug\u00eda.<\/span><\/p>\n<p>[\/et_pb_slide][et_pb_slide heading=\u00bbMalformaci\u00f3n Arteriovenosa Pontina Cerebral\u00bb button_link=\u00bb@ET-DC@eyJkeW5hbWljIjp0cnVlLCJjb250ZW50IjoicG9zdF9saW5rX3VybF9wb3N0Iiwic2V0dGluZ3MiOnsicG9zdF9pZCI6IjExMjMifX0=@\u00bb image=\u00bbhttps:\/\/drgiovannilara.com\/wp-content\/uploads\/2024\/06\/Radiocirugia-2-4.png\u00bb _builder_version=\u00bb4.22.2&#8243; _dynamic_attributes=\u00bbbutton_link\u00bb _module_preset=\u00bbdefault\u00bb border_width_all_image=\u00bb14px\u00bb global_colors_info=\u00bb{}\u00bb sticky_transition=\u00bbon\u00bb]<\/p>\n<p><span>Una malformaci\u00f3n arteriovenosa cerebral (MAV) se utiliza <\/span><b>Radioterapia externa en la que se usa un equipo especial para poner en posici\u00f3n al paciente y dirigir una sola dosis grande de radiaci\u00f3n hacia un tumor de modo preciso<\/b><span>.<\/span><\/p>\n<p>[\/et_pb_slide][\/et_pb_slider][\/et_pb_column][\/et_pb_row][\/et_pb_section]<\/p>\n","protected":false},"excerpt":{"rendered":"<p>Neurocirug\u00eda General, Cirug\u00eda de Columna, Neurocirug\u00eda Funcional y Esterotaxia.Neurocirug\u00eda General, Cirug\u00eda de Columna, Neurocirug\u00eda Funcional y Esterotaxia.Neurocirug\u00eda General, Cirug\u00eda de Columna, Neurocirug\u00eda Funcional y Esterotaxia.Para tumores cerebrales, malformaciones arteriovenosas.En adultos y ni\u00f1os.Epilepsia, Parkinson, Dolor Intratable, entre otros.\u00bbY dijo: Si escuchas atentamente la voz del\u00a0Se\u00f1or\u00a0tu Dios, y haces lo que es recto ante sus ojos, y [&hellip;]<\/p>\n","protected":false},"author":1,"featured_media":0,"parent":0,"menu_order":0,"comment_status":"closed","ping_status":"closed","template":"","meta":{"_et_pb_use_builder":"on","_et_pb_old_content":"","_et_gb_content_width":"","footnotes":""},"_links":{"self":[{"href":"https:\/\/drgiovannilara.com\/index.php\/wp-json\/wp\/v2\/pages\/98"}],"collection":[{"href":"https:\/\/drgiovannilara.com\/index.php\/wp-json\/wp\/v2\/pages"}],"about":[{"href":"https:\/\/drgiovannilara.com\/index.php\/wp-json\/wp\/v2\/types\/page"}],"author":[{"embeddable":true,"href":"https:\/\/drgiovannilara.com\/index.php\/wp-json\/wp\/v2\/users\/1"}],"replies":[{"embeddable":true,"href":"https:\/\/drgiovannilara.com\/index.php\/wp-json\/wp\/v2\/comments?post=98"}],"version-history":[{"count":65,"href":"https:\/\/drgiovannilara.com\/index.php\/wp-json\/wp\/v2\/pages\/98\/revisions"}],"predecessor-version":[{"id":1232,"href":"https:\/\/drgiovannilara.com\/index.php\/wp-json\/wp\/v2\/pages\/98\/revisions\/1232"}],"wp:attachment":[{"href":"https:\/\/drgiovannilara.com\/index.php\/wp-json\/wp\/v2\/media?parent=98"}],"curies":[{"name":"wp","href":"https:\/\/api.w.org\/{rel}","templated":true}]}}