{"id":38,"date":"2023-10-13T23:43:27","date_gmt":"2023-10-13T21:43:27","guid":{"rendered":"https:\/\/drgiovannilara.com\/?page_id=38"},"modified":"2023-11-16T09:33:58","modified_gmt":"2023-11-16T15:33:58","slug":"servicios","status":"publish","type":"page","link":"https:\/\/drgiovannilara.com\/index.php\/servicios\/","title":{"rendered":"Servicios"},"content":{"rendered":"<p>[et_pb_section fb_built=\u00bb1&#8243; fullwidth=\u00bbon\u00bb _builder_version=\u00bb4.22.2&#8243; _module_preset=\u00bbdefault\u00bb background_image=\u00bbhttps:\/\/drgiovannilara.com\/wp-content\/uploads\/2023\/10\/Webpage-frase-2.png\u00bb parallax=\u00bbon\u00bb height=\u00bb17rem\u00bb global_colors_info=\u00bb{}\u00bb][et_pb_fullwidth_post_title meta=\u00bboff\u00bb text_color=\u00bblight\u00bb _builder_version=\u00bb4.22.2&#8243; _module_preset=\u00bbdefault\u00bb title_font=\u00bbMontserrat|700||on|||||\u00bb title_text_align=\u00bbcenter\u00bb title_font_size=\u00bb30px\u00bb title_letter_spacing=\u00bb2px\u00bb text_orientation=\u00bbcenter\u00bb custom_margin=\u00bb||||false|false\u00bb custom_padding=\u00bb118px||||false|false\u00bb text_shadow_style=\u00bbpreset3&#8243; text_shadow_vertical_length=\u00bb-0.01em\u00bb text_shadow_blur_strength=\u00bb0.31em\u00bb global_colors_info=\u00bb{}\u00bb][\/et_pb_fullwidth_post_title][\/et_pb_section][et_pb_section fb_built=\u00bb1&#8243; _builder_version=\u00bb4.22.2&#8243; _module_preset=\u00bbdefault\u00bb global_colors_info=\u00bb{}\u00bb][et_pb_row column_structure=\u00bb1_3,1_3,1_3&#8243; _builder_version=\u00bb4.22.2&#8243; _module_preset=\u00bbdefault\u00bb global_colors_info=\u00bb{}\u00bb][et_pb_column type=\u00bb1_3&#8243; _builder_version=\u00bb4.22.2&#8243; _module_preset=\u00bbdefault\u00bb global_colors_info=\u00bb{}\u00bb][et_pb_blurb title=\u00bbNeurocirug\u00eda General\u00bb url=\u00bb@ET-DC@eyJkeW5hbWljIjp0cnVlLCJjb250ZW50IjoicG9zdF9saW5rX3VybF9wYWdlIiwic2V0dGluZ3MiOnsicG9zdF9pZCI6IjM4In19@\u00bb image=\u00bbhttps:\/\/drgiovannilara.com\/wp-content\/uploads\/2023\/10\/Webpage-Servicio-1-1.png\u00bb image_icon_width=\u00bb60%\u00bb content_max_width=\u00bb350px\u00bb _builder_version=\u00bb4.22.2&#8243; _dynamic_attributes=\u00bburl\u00bb _module_preset=\u00bbdefault\u00bb header_font=\u00bbMontserrat|700|||||||\u00bb header_text_align=\u00bbcenter\u00bb header_text_color=\u00bb#3374AF\u00bb header_letter_spacing=\u00bb1px\u00bb header_line_height=\u00bb1.3rem\u00bb body_font=\u00bbMontserrat|500|||||||\u00bb body_text_align=\u00bbcenter\u00bb body_text_color=\u00bb#3374AF\u00bb background_color=\u00bb#f3f9ff\u00bb text_orientation=\u00bbcenter\u00bb module_alignment=\u00bbcenter\u00bb height=\u00bb330px\u00bb custom_padding=\u00bb1.5rem|1.5rem|1.5rem|1.5rem|false|false\u00bb border_radii=\u00bbon|25px|25px|25px|25px\u00bb global_colors_info=\u00bb{}\u00bb image__hover_enabled=\u00bbon|hover\u00bb image__hover=\u00bbhttps:\/\/drgiovannilara.com\/wp-content\/uploads\/2023\/10\/Webpage-Servicio-4.png\u00bb background__hover_enabled=\u00bbon|hover\u00bb background_color__hover=\u00bb#3374AF\u00bb background_enable_color__hover=\u00bbon\u00bb header_text_color__hover_enabled=\u00bbon|hover\u00bb header_text_color__hover=\u00bb#FFFFFF\u00bb body_text_color__hover_enabled=\u00bbon|hover\u00bb body_text_color__hover=\u00bb#FFFFFF\u00bb]<\/p>\n<p><span>Para tumores cerebrales, malformaciones arteriovenosas.<\/span><\/p>\n<p>[\/et_pb_blurb][\/et_pb_column][et_pb_column type=\u00bb1_3&#8243; _builder_version=\u00bb4.22.2&#8243; _module_preset=\u00bbdefault\u00bb global_colors_info=\u00bb{}\u00bb][et_pb_blurb title=\u00bbCirug\u00eda de Columna\u00bb url=\u00bb@ET-DC@eyJkeW5hbWljIjp0cnVlLCJjb250ZW50IjoicG9zdF9saW5rX3VybF9wYWdlIiwic2V0dGluZ3MiOnsicG9zdF9pZCI6IjM4In19@\u00bb image=\u00bbhttps:\/\/drgiovannilara.com\/wp-content\/uploads\/2023\/10\/Webpage-Servicio-2.png\u00bb image_icon_width=\u00bb60%\u00bb content_max_width=\u00bb270px\u00bb _builder_version=\u00bb4.22.2&#8243; _dynamic_attributes=\u00bburl\u00bb _module_preset=\u00bbdefault\u00bb header_font=\u00bbMontserrat|700|||||||\u00bb header_text_align=\u00bbcenter\u00bb header_text_color=\u00bb#3374AF\u00bb header_letter_spacing=\u00bb1px\u00bb header_line_height=\u00bb1.3rem\u00bb body_font=\u00bbMontserrat|500|||||||\u00bb body_text_align=\u00bbcenter\u00bb body_text_color=\u00bb#3374AF\u00bb background_color=\u00bb#f3f9ff\u00bb text_orientation=\u00bbcenter\u00bb module_alignment=\u00bbcenter\u00bb height=\u00bb330px\u00bb custom_padding=\u00bb1.5rem|1.5rem|1.5rem|1.5rem|false|false\u00bb border_radii=\u00bbon|25px|25px|25px|25px\u00bb global_colors_info=\u00bb{}\u00bb image__hover_enabled=\u00bbon|hover\u00bb image__hover=\u00bbhttps:\/\/drgiovannilara.com\/wp-content\/uploads\/2023\/10\/Webpage-Dr-Giovanni-Lara-5.png\u00bb background__hover_enabled=\u00bbon|hover\u00bb background_color__hover=\u00bb#3374AF\u00bb background_enable_color__hover=\u00bbon\u00bb header_text_color__hover_enabled=\u00bbon|hover\u00bb header_text_color__hover=\u00bb#FFFFFF\u00bb body_text_color__hover_enabled=\u00bbon|hover\u00bb body_text_color__hover=\u00bb#FFFFFF\u00bb]<\/p>\n<p>En adultos y ni\u00f1os.<\/p>\n<p>[\/et_pb_blurb][\/et_pb_column][et_pb_column type=\u00bb1_3&#8243; _builder_version=\u00bb4.22.2&#8243; _module_preset=\u00bbdefault\u00bb global_colors_info=\u00bb{}\u00bb][et_pb_blurb title=\u00bbNeurocirug\u00eda Funcional\u00bb url=\u00bb@ET-DC@eyJkeW5hbWljIjp0cnVlLCJjb250ZW50IjoicG9zdF9saW5rX3VybF9wYWdlIiwic2V0dGluZ3MiOnsicG9zdF9pZCI6IjM4In19@\u00bb image=\u00bbhttps:\/\/drgiovannilara.com\/wp-content\/uploads\/2023\/10\/Webpage-Dr-Giovanni-Lara-3.png\u00bb image_icon_width=\u00bb60%\u00bb content_max_width=\u00bb270px\u00bb _builder_version=\u00bb4.22.2&#8243; _dynamic_attributes=\u00bburl\u00bb _module_preset=\u00bbdefault\u00bb header_font=\u00bbMontserrat|700|||||||\u00bb header_text_align=\u00bbcenter\u00bb header_text_color=\u00bb#3374AF\u00bb header_letter_spacing=\u00bb1px\u00bb header_line_height=\u00bb1.3rem\u00bb body_font=\u00bbMontserrat|500|||||||\u00bb body_text_align=\u00bbcenter\u00bb body_text_color=\u00bb#3374AF\u00bb background_color=\u00bb#f3f9ff\u00bb text_orientation=\u00bbcenter\u00bb module_alignment=\u00bbcenter\u00bb height=\u00bb330px\u00bb custom_padding=\u00bb1.5rem|1.5rem|1.5rem|1.5rem|false|false\u00bb border_radii=\u00bbon|25px|25px|25px|25px\u00bb global_colors_info=\u00bb{}\u00bb image__hover_enabled=\u00bbon|hover\u00bb image__hover=\u00bbhttps:\/\/drgiovannilara.com\/wp-content\/uploads\/2023\/10\/Webpage-Dr-Giovanni-Lara-6.png\u00bb background__hover_enabled=\u00bbon|hover\u00bb background_color__hover=\u00bb#3374AF\u00bb background_enable_color__hover=\u00bbon\u00bb header_text_color__hover_enabled=\u00bbon|hover\u00bb header_text_color__hover=\u00bb#FFFFFF\u00bb body_text_color__hover_enabled=\u00bbon|hover\u00bb body_text_color__hover=\u00bb#FFFFFF\u00bb]<\/p>\n<p><span>Epilepsia, Parkinson, Dolor Intratable, entre otros.<\/span><\/p>\n<p>[\/et_pb_blurb][\/et_pb_column][\/et_pb_row][et_pb_row column_structure=\u00bb1_3,1_3,1_3&#8243; _builder_version=\u00bb4.22.2&#8243; _module_preset=\u00bbdefault\u00bb global_colors_info=\u00bb{}\u00bb][et_pb_column type=\u00bb1_3&#8243; _builder_version=\u00bb4.22.2&#8243; _module_preset=\u00bbdefault\u00bb global_colors_info=\u00bb{}\u00bb][et_pb_blurb title=\u00bbRizotom\u00eda Percutanea con Radiofrecuencia\u00bb url=\u00bb@ET-DC@eyJkeW5hbWljIjp0cnVlLCJjb250ZW50IjoicG9zdF9saW5rX3VybF9wYWdlIiwic2V0dGluZ3MiOnsicG9zdF9pZCI6IjM4In19@\u00bb image=\u00bbhttps:\/\/drgiovannilara.com\/wp-content\/uploads\/2023\/11\/Webpage-Dr-Giovanni-Lara-22.png\u00bb image_icon_width=\u00bb60%\u00bb content_max_width=\u00bb270px\u00bb _builder_version=\u00bb4.22.2&#8243; _dynamic_attributes=\u00bburl\u00bb _module_preset=\u00bbdefault\u00bb header_font=\u00bbMontserrat|700|||||||\u00bb header_text_align=\u00bbcenter\u00bb header_text_color=\u00bb#3374AF\u00bb header_letter_spacing=\u00bb1px\u00bb header_line_height=\u00bb1.3rem\u00bb body_font=\u00bbMontserrat|500|||||||\u00bb body_text_align=\u00bbcenter\u00bb body_text_color=\u00bb#3374AF\u00bb background_color=\u00bb#f3f9ff\u00bb text_orientation=\u00bbcenter\u00bb module_alignment=\u00bbcenter\u00bb height=\u00bb330px\u00bb custom_padding=\u00bb1.5rem|1.5rem|1.5rem|1.5rem|false|false\u00bb border_radii=\u00bbon|25px|25px|25px|25px\u00bb global_colors_info=\u00bb{}\u00bb image__hover_enabled=\u00bbon|hover\u00bb image__hover=\u00bbhttps:\/\/drgiovannilara.com\/wp-content\/uploads\/2023\/11\/Webpage-Dr-Giovanni-Lara-21.png\u00bb background__hover_enabled=\u00bbon|hover\u00bb background_color__hover=\u00bb#3374AF\u00bb background_enable_color__hover=\u00bbon\u00bb header_text_color__hover_enabled=\u00bbon|hover\u00bb header_text_color__hover=\u00bb#FFFFFF\u00bb body_text_color__hover_enabled=\u00bbon|hover\u00bb body_text_color__hover=\u00bb#FFFFFF\u00bb]<\/p>\n<p><span>Para Neuralgia del Trig\u00e9mino, Dolor Facetario Vertebral.<\/span><\/p>\n<p>[\/et_pb_blurb][\/et_pb_column][et_pb_column type=\u00bb1_3&#8243; _builder_version=\u00bb4.22.2&#8243; _module_preset=\u00bbdefault\u00bb global_colors_info=\u00bb{}\u00bb][et_pb_blurb title=\u00bbTerapias Implantables Cerebrales y Espinales\u00bb url=\u00bb@ET-DC@eyJkeW5hbWljIjp0cnVlLCJjb250ZW50IjoicG9zdF9saW5rX3VybF9wYWdlIiwic2V0dGluZ3MiOnsicG9zdF9pZCI6IjM4In19@\u00bb image=\u00bbhttps:\/\/drgiovannilara.com\/wp-content\/uploads\/2023\/10\/Webpage-Dr-Giovanni-Lara-10.png\u00bb image_icon_width=\u00bb60%\u00bb content_max_width=\u00bb270px\u00bb _builder_version=\u00bb4.22.2&#8243; _dynamic_attributes=\u00bburl\u00bb _module_preset=\u00bbdefault\u00bb header_font=\u00bbMontserrat|700|||||||\u00bb header_text_align=\u00bbcenter\u00bb header_text_color=\u00bb#3374AF\u00bb header_letter_spacing=\u00bb1px\u00bb header_line_height=\u00bb1.3rem\u00bb body_font=\u00bbMontserrat|500|||||||\u00bb body_text_align=\u00bbcenter\u00bb body_text_color=\u00bb#3374AF\u00bb background_color=\u00bb#f3f9ff\u00bb text_orientation=\u00bbcenter\u00bb module_alignment=\u00bbcenter\u00bb height=\u00bb330px\u00bb custom_padding=\u00bb1.5rem|1.5rem|1.5rem|1.5rem|false|false\u00bb border_radii=\u00bbon|25px|25px|25px|25px\u00bb global_colors_info=\u00bb{}\u00bb image__hover_enabled=\u00bbon|hover\u00bb image__hover=\u00bbhttps:\/\/drgiovannilara.com\/wp-content\/uploads\/2023\/10\/Webpage-Dr-Giovanni-Lara-9.png\u00bb background__hover_enabled=\u00bbon|hover\u00bb background_color__hover=\u00bb#3374AF\u00bb background_enable_color__hover=\u00bbon\u00bb header_text_color__hover_enabled=\u00bbon|hover\u00bb header_text_color__hover=\u00bb#FFFFFF\u00bb body_text_color__hover_enabled=\u00bbon|hover\u00bb body_text_color__hover=\u00bb#FFFFFF\u00bb]<\/p>\n<p><span>\u00a0(Neuroestimuladores).<\/span><\/p>\n<p>[\/et_pb_blurb][\/et_pb_column][et_pb_column type=\u00bb1_3&#8243; _builder_version=\u00bb4.22.2&#8243; _module_preset=\u00bbdefault\u00bb global_colors_info=\u00bb{}\u00bb][et_pb_blurb title=\u00bbBiopsia Cerebral\u00bb url=\u00bb@ET-DC@eyJkeW5hbWljIjp0cnVlLCJjb250ZW50IjoicG9zdF9saW5rX3VybF9wYWdlIiwic2V0dGluZ3MiOnsicG9zdF9pZCI6IjM4In19@\u00bb image=\u00bbhttps:\/\/drgiovannilara.com\/wp-content\/uploads\/2023\/10\/Webpage-Dr-Giovanni-Lara-12.png\u00bb image_icon_width=\u00bb60%\u00bb content_max_width=\u00bb270px\u00bb _builder_version=\u00bb4.22.2&#8243; _dynamic_attributes=\u00bburl\u00bb _module_preset=\u00bbdefault\u00bb header_font=\u00bbMontserrat|700|||||||\u00bb header_text_align=\u00bbcenter\u00bb header_text_color=\u00bb#3374AF\u00bb header_letter_spacing=\u00bb1px\u00bb header_line_height=\u00bb1.3rem\u00bb body_font=\u00bbMontserrat|500|||||||\u00bb body_text_align=\u00bbcenter\u00bb body_text_color=\u00bb#3374AF\u00bb background_color=\u00bb#f3f9ff\u00bb text_orientation=\u00bbcenter\u00bb module_alignment=\u00bbcenter\u00bb height=\u00bb330px\u00bb custom_padding=\u00bb1.5rem|1.5rem|1.5rem|1.5rem|false|false\u00bb border_radii=\u00bbon|25px|25px|25px|25px\u00bb global_colors_info=\u00bb{}\u00bb image__hover_enabled=\u00bbon|hover\u00bb image__hover=\u00bbhttps:\/\/drgiovannilara.com\/wp-content\/uploads\/2023\/10\/Webpage-Dr-Giovanni-Lara-11.png\u00bb background__hover_enabled=\u00bbon|hover\u00bb background_color__hover=\u00bb#3374AF\u00bb background_enable_color__hover=\u00bbon\u00bb header_text_color__hover_enabled=\u00bbon|hover\u00bb header_text_color__hover=\u00bb#FFFFFF\u00bb body_text_color__hover_enabled=\u00bbon|hover\u00bb body_text_color__hover=\u00bb#FFFFFF\u00bb]<\/p>\n<p><span>por estereotaxia y <\/span><span>neuronavegaci\u00f3n.\u00a0<\/span><\/p>\n<p>[\/et_pb_blurb][\/et_pb_column][\/et_pb_row][et_pb_row column_structure=\u00bb1_3,1_3,1_3&#8243; _builder_version=\u00bb4.22.2&#8243; _module_preset=\u00bbdefault\u00bb custom_margin=\u00bb||||false|false\u00bb global_colors_info=\u00bb{}\u00bb][et_pb_column type=\u00bb1_3&#8243; _builder_version=\u00bb4.22.2&#8243; _module_preset=\u00bbdefault\u00bb global_colors_info=\u00bb{}\u00bb][et_pb_blurb title=\u00bbNeurocirug\u00eda Pedi\u00e1trica\u00bb url=\u00bb@ET-DC@eyJkeW5hbWljIjp0cnVlLCJjb250ZW50IjoicG9zdF9saW5rX3VybF9wYWdlIiwic2V0dGluZ3MiOnsicG9zdF9pZCI6IjM4In19@\u00bb image=\u00bbhttps:\/\/drgiovannilara.com\/wp-content\/uploads\/2023\/10\/Webpage-Dr-Giovanni-Lara-14.png\u00bb image_icon_width=\u00bb60%\u00bb content_max_width=\u00bb270px\u00bb _builder_version=\u00bb4.22.2&#8243; _dynamic_attributes=\u00bburl\u00bb _module_preset=\u00bbdefault\u00bb header_font=\u00bbMontserrat|700|||||||\u00bb header_text_align=\u00bbcenter\u00bb header_text_color=\u00bb#3374AF\u00bb header_letter_spacing=\u00bb1px\u00bb header_line_height=\u00bb1.3rem\u00bb body_font=\u00bbMontserrat|500|||||||\u00bb body_text_align=\u00bbcenter\u00bb body_text_color=\u00bb#3374AF\u00bb background_color=\u00bb#f3f9ff\u00bb text_orientation=\u00bbcenter\u00bb module_alignment=\u00bbcenter\u00bb height=\u00bb330px\u00bb custom_margin=\u00bb||||false|false\u00bb custom_padding=\u00bb1.5rem|1.5rem|1.5rem|1.5rem|false|false\u00bb border_radii=\u00bbon|25px|25px|25px|25px\u00bb global_colors_info=\u00bb{}\u00bb image__hover_enabled=\u00bbon|hover\u00bb image__hover=\u00bbhttps:\/\/drgiovannilara.com\/wp-content\/uploads\/2023\/10\/Webpage-Dr-Giovanni-Lara-13.png\u00bb background__hover_enabled=\u00bbon|hover\u00bb background_color__hover=\u00bb#3374AF\u00bb background_enable_color__hover=\u00bbon\u00bb header_text_color__hover_enabled=\u00bbon|hover\u00bb header_text_color__hover=\u00bb#FFFFFF\u00bb body_text_color__hover_enabled=\u00bbon|hover\u00bb body_text_color__hover=\u00bb#FFFFFF\u00bb]<\/p>\n<p><span>\u00a0Espina Bifida, Tumores, etc.<\/span><\/p>\n<p>[\/et_pb_blurb][\/et_pb_column][et_pb_column type=\u00bb1_3&#8243; _builder_version=\u00bb4.22.2&#8243; _module_preset=\u00bbdefault\u00bb global_colors_info=\u00bb{}\u00bb][et_pb_blurb title=\u00bb Tratamiento Medico para Enfermedades Neurol\u00f3gicas\u00bb url=\u00bb@ET-DC@eyJkeW5hbWljIjp0cnVlLCJjb250ZW50IjoicG9zdF9saW5rX3VybF9wYWdlIiwic2V0dGluZ3MiOnsicG9zdF9pZCI6IjM4In19@\u00bb image=\u00bbhttps:\/\/drgiovannilara.com\/wp-content\/uploads\/2023\/10\/Webpage-Dr-Giovanni-Lara-16.png\u00bb image_icon_width=\u00bb60%\u00bb content_max_width=\u00bb270px\u00bb _builder_version=\u00bb4.22.2&#8243; _dynamic_attributes=\u00bburl\u00bb _module_preset=\u00bbdefault\u00bb header_font=\u00bbMontserrat|700|||||||\u00bb header_text_align=\u00bbcenter\u00bb header_text_color=\u00bb#3374AF\u00bb header_letter_spacing=\u00bb1px\u00bb header_line_height=\u00bb1.3rem\u00bb body_font=\u00bbMontserrat|500|||||||\u00bb body_text_align=\u00bbcenter\u00bb body_text_color=\u00bb#3374AF\u00bb background_color=\u00bb#f3f9ff\u00bb text_orientation=\u00bbcenter\u00bb module_alignment=\u00bbcenter\u00bb height=\u00bb330px\u00bb custom_padding=\u00bb1.5rem|1.5rem|1.5rem|1.5rem|false|false\u00bb border_radii=\u00bbon|25px|25px|25px|25px\u00bb global_colors_info=\u00bb{}\u00bb image__hover_enabled=\u00bbon|hover\u00bb image__hover=\u00bbhttps:\/\/drgiovannilara.com\/wp-content\/uploads\/2023\/10\/Webpage-Dr-Giovanni-Lara-15.png\u00bb background__hover_enabled=\u00bbon|hover\u00bb background_color__hover=\u00bb#3374AF\u00bb background_enable_color__hover=\u00bbon\u00bb header_text_color__hover_enabled=\u00bbon|hover\u00bb header_text_color__hover=\u00bb#FFFFFF\u00bb body_text_color__hover_enabled=\u00bbon|hover\u00bb body_text_color__hover=\u00bb#FFFFFF\u00bb]<\/p>\n<p><span>\u00a0en ni\u00f1os y adultos.<\/span><\/p>\n<p>[\/et_pb_blurb][\/et_pb_column][et_pb_column type=\u00bb1_3&#8243; _builder_version=\u00bb4.22.2&#8243; _module_preset=\u00bbdefault\u00bb global_colors_info=\u00bb{}\u00bb][et_pb_blurb title=\u00bbMicroneurocirugia\u00bb url=\u00bb@ET-DC@eyJkeW5hbWljIjp0cnVlLCJjb250ZW50IjoicG9zdF9saW5rX3VybF9wYWdlIiwic2V0dGluZ3MiOnsicG9zdF9pZCI6IjM4In19@\u00bb image=\u00bbhttps:\/\/drgiovannilara.com\/wp-content\/uploads\/2023\/11\/Webpage-Dr-Giovanni-Lara-19.png\u00bb image_icon_width=\u00bb60%\u00bb content_max_width=\u00bb270px\u00bb _builder_version=\u00bb4.22.2&#8243; _dynamic_attributes=\u00bburl\u00bb _module_preset=\u00bbdefault\u00bb header_font=\u00bbMontserrat|700|||||||\u00bb header_text_align=\u00bbcenter\u00bb header_text_color=\u00bb#3374AF\u00bb header_letter_spacing=\u00bb1px\u00bb header_line_height=\u00bb1.3rem\u00bb body_font=\u00bbMontserrat|500|||||||\u00bb body_text_align=\u00bbcenter\u00bb body_text_color=\u00bb#3374AF\u00bb background_color=\u00bb#f3f9ff\u00bb text_orientation=\u00bbcenter\u00bb module_alignment=\u00bbcenter\u00bb height=\u00bb330px\u00bb custom_padding=\u00bb1.5rem|1.5rem|1.5rem|1.5rem|false|false\u00bb border_radii=\u00bbon|25px|25px|25px|25px\u00bb global_colors_info=\u00bb{}\u00bb image__hover_enabled=\u00bbon|hover\u00bb image__hover=\u00bbhttps:\/\/drgiovannilara.com\/wp-content\/uploads\/2023\/11\/Webpage-Dr-Giovanni-Lara-20.png\u00bb background__hover_enabled=\u00bbon|hover\u00bb background_color__hover=\u00bb#3374AF\u00bb background_enable_color__hover=\u00bbon\u00bb header_text_color__hover_enabled=\u00bbon|hover\u00bb header_text_color__hover=\u00bb#FFFFFF\u00bb body_text_color__hover_enabled=\u00bbon|hover\u00bb body_text_color__hover=\u00bb#FFFFFF\u00bb]<\/p>\n<p><span>Para tumores cerebrales, malformaciones arteriovenosas, etc.<\/span><\/p>\n<p>[\/et_pb_blurb][\/et_pb_column][\/et_pb_row][et_pb_row column_structure=\u00bb1_3,1_3,1_3&#8243; _builder_version=\u00bb4.22.2&#8243; _module_preset=\u00bbdefault\u00bb custom_margin=\u00bb||||false|false\u00bb global_colors_info=\u00bb{}\u00bb][et_pb_column type=\u00bb1_3&#8243; _builder_version=\u00bb4.22.2&#8243; _module_preset=\u00bbdefault\u00bb global_colors_info=\u00bb{}\u00bb][\/et_pb_column][et_pb_column type=\u00bb1_3&#8243; _builder_version=\u00bb4.22.2&#8243; _module_preset=\u00bbdefault\u00bb global_colors_info=\u00bb{}\u00bb][et_pb_blurb title=\u00bbEntre otros\u00bb url=\u00bb@ET-DC@eyJkeW5hbWljIjp0cnVlLCJjb250ZW50IjoicG9zdF9saW5rX3VybF9wYWdlIiwic2V0dGluZ3MiOnsicG9zdF9pZCI6IjM4In19@\u00bb image=\u00bbhttps:\/\/drgiovannilara.com\/wp-content\/uploads\/2023\/11\/Webpage-Dr-Giovanni-Lara-24.png\u00bb image_icon_width=\u00bb60%\u00bb content_max_width=\u00bb270px\u00bb _builder_version=\u00bb4.22.2&#8243; _dynamic_attributes=\u00bburl\u00bb _module_preset=\u00bbdefault\u00bb header_font=\u00bbMontserrat|700|||||||\u00bb header_text_align=\u00bbcenter\u00bb header_text_color=\u00bb#3374AF\u00bb header_letter_spacing=\u00bb1px\u00bb header_line_height=\u00bb1.3rem\u00bb body_font=\u00bbMontserrat|500|||||||\u00bb body_text_align=\u00bbcenter\u00bb body_text_color=\u00bb#3374AF\u00bb background_color=\u00bb#f3f9ff\u00bb text_orientation=\u00bbcenter\u00bb module_alignment=\u00bbcenter\u00bb height=\u00bb330px\u00bb custom_padding=\u00bb1.5rem|1.5rem|1.5rem|1.5rem|false|false\u00bb border_radii=\u00bbon|25px|25px|25px|25px\u00bb global_colors_info=\u00bb{}\u00bb image__hover_enabled=\u00bbon|hover\u00bb image__hover=\u00bbhttps:\/\/drgiovannilara.com\/wp-content\/uploads\/2023\/11\/Webpage-Dr-Giovanni-Lara-23.png\u00bb background__hover_enabled=\u00bbon|hover\u00bb background_color__hover=\u00bb#3374AF\u00bb background_enable_color__hover=\u00bbon\u00bb header_text_color__hover_enabled=\u00bbon|hover\u00bb header_text_color__hover=\u00bb#FFFFFF\u00bb body_text_color__hover_enabled=\u00bbon|hover\u00bb body_text_color__hover=\u00bb#FFFFFF\u00bb]<\/p>\n<p>Radiocirug\u00eda (Neurocirug\u00eda sin bistur\u00ed)<\/p>\n<p>[\/et_pb_blurb][\/et_pb_column][et_pb_column type=\u00bb1_3&#8243; _builder_version=\u00bb4.22.2&#8243; _module_preset=\u00bbdefault\u00bb global_colors_info=\u00bb{}\u00bb][\/et_pb_column][\/et_pb_row][\/et_pb_section]<\/p>\n","protected":false},"excerpt":{"rendered":"<p>Para tumores cerebrales, malformaciones arteriovenosas.En adultos y ni\u00f1os.Epilepsia, Parkinson, Dolor Intratable, entre otros.Para Neuralgia del Trig\u00e9mino, Dolor Facetario Vertebral.\u00a0(Neuroestimuladores).por estereotaxia y neuronavegaci\u00f3n.\u00a0\u00a0Espina Bifida, Tumores, etc.\u00a0en ni\u00f1os y adultos.Para tumores cerebrales, malformaciones arteriovenosas, etc.Radiocirug\u00eda (Neurocirug\u00eda sin bistur\u00ed)<\/p>\n","protected":false},"author":1,"featured_media":0,"parent":0,"menu_order":0,"comment_status":"closed","ping_status":"closed","template":"","meta":{"_et_pb_use_builder":"on","_et_pb_old_content":"","_et_gb_content_width":"","footnotes":""},"_links":{"self":[{"href":"https:\/\/drgiovannilara.com\/index.php\/wp-json\/wp\/v2\/pages\/38"}],"collection":[{"href":"https:\/\/drgiovannilara.com\/index.php\/wp-json\/wp\/v2\/pages"}],"about":[{"href":"https:\/\/drgiovannilara.com\/index.php\/wp-json\/wp\/v2\/types\/page"}],"author":[{"embeddable":true,"href":"https:\/\/drgiovannilara.com\/index.php\/wp-json\/wp\/v2\/users\/1"}],"replies":[{"embeddable":true,"href":"https:\/\/drgiovannilara.com\/index.php\/wp-json\/wp\/v2\/comments?post=38"}],"version-history":[{"count":27,"href":"https:\/\/drgiovannilara.com\/index.php\/wp-json\/wp\/v2\/pages\/38\/revisions"}],"predecessor-version":[{"id":552,"href":"https:\/\/drgiovannilara.com\/index.php\/wp-json\/wp\/v2\/pages\/38\/revisions\/552"}],"wp:attachment":[{"href":"https:\/\/drgiovannilara.com\/index.php\/wp-json\/wp\/v2\/media?parent=38"}],"curies":[{"name":"wp","href":"https:\/\/api.w.org\/{rel}","templated":true}]}}